{"id":3,"date":"2025-07-29T15:43:22","date_gmt":"2025-07-29T15:43:22","guid":{"rendered":"https:\/\/ordi.yannvilaca.com\/?page_id=3"},"modified":"2025-10-10T13:28:05","modified_gmt":"2025-10-10T13:28:05","slug":"datenschutz","status":"publish","type":"page","link":"http:\/\/test.dieordination.at\/bg\/datenschutz\/","title":{"rendered":"\u0417\u0430\u0449\u0438\u0442\u0430 \u043d\u0430 \u0434\u0430\u043d\u043d\u0438\u0442\u0435"},"content":{"rendered":"<div data-elementor-type=\"wp-page\" data-elementor-id=\"3\" class=\"elementor elementor-3\" data-elementor-settings=\"{&quot;ha_cmc_init_switcher&quot;:&quot;no&quot;}\">\n\t\t\t\t<div class=\"elementor-element elementor-element-f9e7717 e-flex e-con-boxed wpr-particle-no wpr-jarallax-no wpr-parallax-no wpr-sticky-section-no e-con e-parent\" data-id=\"f9e7717\" data-element_type=\"container\" data-settings=\"{&quot;_ha_eqh_enable&quot;:false}\">\n\t\t\t\t\t<div class=\"e-con-inner\">\n\t\t\t\t<div class=\"elementor-element elementor-element-e8f5195 elementor-widget elementor-widget-heading\" data-id=\"e8f5195\" data-element_type=\"widget\" data-widget_type=\"heading.default\">\n\t\t\t\t\t<h2 class=\"elementor-heading-title elementor-size-default\">\u0417\u0430\u0449\u0438\u0442\u0430 \u043d\u0430 \u0434\u0430\u043d\u043d\u0438\u0442\u0435<\/h2>\t\t\t\t<\/div>\n\t\t\t\t<div class=\"elementor-element elementor-element-afa3176 elementor-widget-divider--view-line elementor-widget elementor-widget-divider\" data-id=\"afa3176\" data-element_type=\"widget\" data-widget_type=\"divider.default\">\n\t\t\t\t\t\t\t<div class=\"elementor-divider\">\n\t\t\t<span class=\"elementor-divider-separator\">\n\t\t\t\t\t\t<\/span>\n\t\t<\/div>\n\t\t\t\t\t\t<\/div>\n\t\t\t\t\t<\/div>\n\t\t\t\t<\/div>\n\t\t<div class=\"elementor-element elementor-element-dda9f10 e-flex e-con-boxed wpr-particle-no wpr-jarallax-no wpr-parallax-no wpr-sticky-section-no e-con e-parent\" data-id=\"dda9f10\" data-element_type=\"container\" data-settings=\"{&quot;_ha_eqh_enable&quot;:false}\">\n\t\t\t\t\t<div class=\"e-con-inner\">\n\t\t<div class=\"elementor-element elementor-element-e0b6247 e-con-full e-flex wpr-particle-no wpr-jarallax-no wpr-parallax-no wpr-sticky-section-no e-con e-child\" data-id=\"e0b6247\" data-element_type=\"container\" data-settings=\"{&quot;_ha_eqh_enable&quot;:false}\">\n\t\t\t\t<div class=\"elementor-element elementor-element-57781c8 elementor-widget elementor-widget-text-editor\" data-id=\"57781c8\" data-element_type=\"widget\" data-widget_type=\"text-editor.default\">\n\t\t\t\t\t\t\t\t\t<p>Die Datenschutzverarbeitung und Datenverwendung erfolgt entsprechend der EU-Datenschutz-Grundverordnung (DSVGO) und dem \u00f6sterreichischen Datenschutzgesetz. Die Verarbeitung Ihrer Daten (personenbezogene \u00a0Daten) ist notwendig, um Behandlungen an Ihnen (als Patient) durchf\u00fchren zu k\u00f6nnen.<br \/><br \/><strong><span style=\"color: #3d638e;\">Erhebung und \u00a0Nutzung personenbezogener Daten<\/span><br \/><\/strong>Zu den personenbezogenen Daten z\u00e4hlen neben Ihrer \u00a0Personaldaten (Name, Geburtsdatum, Anschrift, Kontaktdaten) Ihre Legitimationsdaten (wie z.B. E-Card oder Ausweis)\u00a0 sowie s\u00e4mtliche im Zusammenhang mit dem Behandlungsvertrag bzw. einer gesundheitlichen Beratung notwendige Daten, wie z.B. Karteieintr\u00e4ge, Dokumentationsdaten, Verarbeitungsdaten bei Laborergebnissen oder Befunddaten, die wir von anderen \u00c4rzten bekommen.\u00a0<br \/><br \/><span style=\"color: #3d638e;\"><strong>Datenverarbeitung<\/strong><\/span><br \/>Innerhalb unserer Praxis erhalten Ihre Daten jene Mitarbeiter, die diese ben\u00f6tigen, um eine (optimale) \u00a0Patientenbetreuung gew\u00e4hrleisten zu k\u00f6nnen. Dar\u00fcber hinaus erhalten von uns beauftragte Auftragsverarbeiter (insb. WGKK,\u00a0\u00a0Labors, Steuerberater) ihre Daten, sofern \u00a0sie diese zur Erf\u00fcllung Ihrer Aufgaben ben\u00f6tigen.\u00a0Diese sind jedoch verpflichtet, Ihre Daten nur im Rahmen der Leistungsverpflichtung zu verarbeiten und vertraulich zu behandeln.<\/p>\n<p><span style=\"color: #3d638e;\"><strong>Bereitstellung von Daten<\/strong><\/span><br \/>F\u00fcr die Planung, \u00a0Aufnahme und Durchf\u00fchrung unserer Behandlung ben\u00f6tigen wir Ihrer Einwilligung zur Bereitstellung der notwendigen personenbezogenen Daten, zu deren Erhebung wir gesetzlich verpflichtet sind.<\/p>\t\t\t\t\t\t\t\t<\/div>\n\t\t\t\t<\/div>\n\t\t\t\t\t<\/div>\n\t\t\t\t<\/div>\n\t\t\t\t<\/div>","protected":false},"excerpt":{"rendered":"<p>Datenschutz Die Datenschutzverarbeitung und Datenverwendung erfolgt entsprechend der EU-Datenschutz-Grundverordnung (DSVGO) und dem \u00f6sterreichischen Datenschutzgesetz. Die Verarbeitung Ihrer Daten (personenbezogene \u00a0Daten) ist notwendig, um Behandlungen an Ihnen (als Patient) durchf\u00fchren zu k\u00f6nnen. Erhebung und \u00a0Nutzung personenbezogener DatenZu den personenbezogenen Daten z\u00e4hlen neben Ihrer \u00a0Personaldaten (Name, Geburtsdatum, Anschrift, Kontaktdaten) Ihre Legitimationsdaten (wie z.B. E-Card oder Ausweis)\u00a0 sowie s\u00e4mtliche im Zusammenhang mit dem Behandlungsvertrag bzw. einer gesundheitlichen Beratung notwendige Daten, wie z.B. Karteieintr\u00e4ge, Dokumentationsdaten, Verarbeitungsdaten bei Laborergebnissen oder Befunddaten, die wir von anderen \u00c4rzten bekommen.\u00a0 DatenverarbeitungInnerhalb unserer Praxis erhalten Ihre Daten jene Mitarbeiter, die diese ben\u00f6tigen, um eine (optimale) \u00a0Patientenbetreuung gew\u00e4hrleisten zu k\u00f6nnen. Dar\u00fcber hinaus erhalten von uns beauftragte Auftragsverarbeiter (insb. WGKK,\u00a0\u00a0Labors, Steuerberater) ihre Daten, sofern \u00a0sie diese zur Erf\u00fcllung Ihrer Aufgaben ben\u00f6tigen.\u00a0Diese sind jedoch verpflichtet, Ihre Daten nur im Rahmen der Leistungsverpflichtung zu verarbeiten und vertraulich zu behandeln. Bereitstellung von DatenF\u00fcr die Planung, \u00a0Aufnahme und Durchf\u00fchrung unserer Behandlung ben\u00f6tigen wir Ihrer Einwilligung zur Bereitstellung der notwendigen personenbezogenen Daten, zu deren Erhebung wir gesetzlich verpflichtet sind.<\/p>","protected":false},"author":1,"featured_media":0,"parent":0,"menu_order":0,"comment_status":"closed","ping_status":"closed","template":"","meta":{"footnotes":""},"class_list":["post-3","page","type-page","status-publish","hentry"],"_links":{"self":[{"href":"http:\/\/test.dieordination.at\/bg\/wp-json\/wp\/v2\/pages\/3","targetHints":{"allow":["GET"]}}],"collection":[{"href":"http:\/\/test.dieordination.at\/bg\/wp-json\/wp\/v2\/pages"}],"about":[{"href":"http:\/\/test.dieordination.at\/bg\/wp-json\/wp\/v2\/types\/page"}],"author":[{"embeddable":true,"href":"http:\/\/test.dieordination.at\/bg\/wp-json\/wp\/v2\/users\/1"}],"replies":[{"embeddable":true,"href":"http:\/\/test.dieordination.at\/bg\/wp-json\/wp\/v2\/comments?post=3"}],"version-history":[{"count":31,"href":"http:\/\/test.dieordination.at\/bg\/wp-json\/wp\/v2\/pages\/3\/revisions"}],"predecessor-version":[{"id":2455,"href":"http:\/\/test.dieordination.at\/bg\/wp-json\/wp\/v2\/pages\/3\/revisions\/2455"}],"wp:attachment":[{"href":"http:\/\/test.dieordination.at\/bg\/wp-json\/wp\/v2\/media?parent=3"}],"curies":[{"name":"wp","href":"https:\/\/api.w.org\/{rel}","templated":true}]}}