{"id":562,"date":"2025-07-30T19:59:48","date_gmt":"2025-07-30T19:59:48","guid":{"rendered":"https:\/\/ordi.yannvilaca.com\/?page_id=562"},"modified":"2025-10-10T13:30:31","modified_gmt":"2025-10-10T13:30:31","slug":"impressum","status":"publish","type":"page","link":"http:\/\/test.dieordination.at\/bg\/impressum\/","title":{"rendered":"\u041f\u0440\u0430\u0432\u043d\u0430 \u0438\u043d\u0444\u043e\u0440\u043c\u0430\u0446\u0438\u044f"},"content":{"rendered":"<div data-elementor-type=\"wp-page\" data-elementor-id=\"562\" class=\"elementor elementor-562\" data-elementor-settings=\"{&quot;ha_cmc_init_switcher&quot;:&quot;no&quot;}\">\n\t\t\t\t<div class=\"elementor-element elementor-element-f9e7717 e-flex e-con-boxed wpr-particle-no wpr-jarallax-no wpr-parallax-no wpr-sticky-section-no e-con e-parent\" data-id=\"f9e7717\" data-element_type=\"container\" data-settings=\"{&quot;_ha_eqh_enable&quot;:false}\">\n\t\t\t\t\t<div class=\"e-con-inner\">\n\t\t\t\t<div class=\"elementor-element elementor-element-e8f5195 elementor-widget elementor-widget-heading\" data-id=\"e8f5195\" data-element_type=\"widget\" data-widget_type=\"heading.default\">\n\t\t\t\t\t<h2 class=\"elementor-heading-title elementor-size-default\">\u041f\u0440\u0430\u0432\u043d\u0430 \u0438\u043d\u0444\u043e\u0440\u043c\u0430\u0446\u0438\u044f<\/h2>\t\t\t\t<\/div>\n\t\t\t\t<div class=\"elementor-element elementor-element-afa3176 elementor-widget-divider--view-line elementor-widget elementor-widget-divider\" data-id=\"afa3176\" data-element_type=\"widget\" data-widget_type=\"divider.default\">\n\t\t\t\t\t\t\t<div class=\"elementor-divider\">\n\t\t\t<span class=\"elementor-divider-separator\">\n\t\t\t\t\t\t<\/span>\n\t\t<\/div>\n\t\t\t\t\t\t<\/div>\n\t\t\t\t\t<\/div>\n\t\t\t\t<\/div>\n\t\t<div class=\"elementor-element elementor-element-dda9f10 e-flex e-con-boxed wpr-particle-no wpr-jarallax-no wpr-parallax-no wpr-sticky-section-no e-con e-parent\" data-id=\"dda9f10\" data-element_type=\"container\" data-settings=\"{&quot;_ha_eqh_enable&quot;:false}\">\n\t\t\t\t\t<div class=\"e-con-inner\">\n\t\t<div class=\"elementor-element elementor-element-d539059 e-con-full e-flex wpr-particle-no wpr-jarallax-no wpr-parallax-no wpr-sticky-section-no e-con e-child\" data-id=\"d539059\" data-element_type=\"container\" data-settings=\"{&quot;_ha_eqh_enable&quot;:false}\">\n\t\t\t\t<div class=\"elementor-element elementor-element-57781c8 elementor-widget elementor-widget-text-editor\" data-id=\"57781c8\" data-element_type=\"widget\" data-widget_type=\"text-editor.default\">\n\t\t\t\t\t\t\t\t\t<p>\u0414-\u0440 \u041d\u0430\u0434\u0435\u0436\u0434\u0430 \u0410\u043d\u0430\u0441\u0442\u0430\u0441\u043e\u0432\u0430<br \/>Christian-Bucher-Gasse 27\/2, 1210 Wien<br \/>email: termin@dieordination.at<br \/>Tel: +43 1 271 51 58<\/p><p><strong><span style=\"color: #3d638e;\">Berufsbezeichnung<\/span><br \/><\/strong>Arzt f\u00fcr Allgemeinmedizin, verliehen in \u00d6sterreich<br \/>Bundesgesetz \u00fcber die Aus\u00fcbung des \u00e4rztlichen Berufes<br \/>(\u00c4rzteG 1998): ersichtlich unter\u00a0<a href=\"http:\/\/www.ris.bka.gv.at\/\" data-saferedirecturl=\"https:\/\/www.google.com\/url?hl=en&amp;q=http:\/\/www.ris.bka.gv.at&amp;source=gmail&amp;ust=1467838203035000&amp;usg=AFQjCNGjCgPPK1VzXcyoHhzGtYXCgyA4rQ\"><u>www.ris.bka.gv.at<\/u><\/a><\/p><p><span style=\"color: #3d638e;\"><strong>Kammerzugeh\u00f6rigkeit<\/strong><\/span><br \/>WIEN =&gt; \u00c4rztekammer f\u00fcr Wien, Weihburggasse 10-12, A-1010 Wien (<a href=\"http:\/\/www.aekwien.at\/\" data-saferedirecturl=\"https:\/\/www.google.com\/url?hl=en&amp;q=http:\/\/www.aekwien.at&amp;source=gmail&amp;ust=1467838203035000&amp;usg=AFQjCNEFqDMuNL9qV9KOqedQ_-DxqmF-Kg\"><u>www.aekwien.at<\/u><\/a>)<br \/>\u00d6sterreichische \u00c4rztekammer, Weihburggasse 10-12, A-1010 Wien (<a href=\"http:\/\/www.aek.or.at\/\" data-saferedirecturl=\"https:\/\/www.google.com\/url?hl=en&amp;q=http:\/\/www.aek.or.at&amp;source=gmail&amp;ust=1467838203035000&amp;usg=AFQjCNFkCJ33HXFKdCheIlRvrCz6XSl40g\"><u>www.aek.or.at<\/u><\/a>)<br \/><strong><br \/><span style=\"color: #3d638e;\">Inhaber (Website und Domain) und verantwortlich f\u00fcr den Inhalt:<\/span><\/strong><br \/>\u0414-\u0440 \u041d\u0430\u0434\u0435\u0436\u0434\u0430 \u0410\u043d\u0430\u0441\u0442\u0430\u0441\u043e\u0432\u0430<\/p><p><strong><span style=\"color: #3d638e;\">Webdesign\/Technische Umsetzung:\u00a0<\/span><\/strong><br \/>Yann Vilaca &#8211; <a href=\"https:\/\/yannvilaca.com\/\">yannvilaca.com<\/a><\/p>\t\t\t\t\t\t\t\t<\/div>\n\t\t\t\t<\/div>\n\t\t\t\t\t<\/div>\n\t\t\t\t<\/div>\n\t\t\t\t<\/div>","protected":false},"excerpt":{"rendered":"<p>Impressum Dr. Nadejda AnastassovaChristian-Bucher-Gasse 27\/2, 1210 Wienemail: termin@dieordination.atTel: +43 1 271 51 58 BerufsbezeichnungArzt f\u00fcr Allgemeinmedizin, verliehen in \u00d6sterreichBundesgesetz \u00fcber die Aus\u00fcbung des \u00e4rztlichen Berufes(\u00c4rzteG 1998): ersichtlich unter\u00a0www.ris.bka.gv.at Kammerzugeh\u00f6rigkeitWIEN =&gt; \u00c4rztekammer f\u00fcr Wien, Weihburggasse 10-12, A-1010 Wien (www.aekwien.at)\u00d6sterreichische \u00c4rztekammer, Weihburggasse 10-12, A-1010 Wien (www.aek.or.at)Inhaber (Website und Domain) und verantwortlich f\u00fcr den Inhalt:Dr. Nadejda Anastassova Webdesign\/Technische Umsetzung:\u00a0Yann Vilaca &#8211; yannvilaca.com<\/p>","protected":false},"author":1,"featured_media":0,"parent":0,"menu_order":0,"comment_status":"closed","ping_status":"closed","template":"","meta":{"footnotes":""},"class_list":["post-562","page","type-page","status-publish","hentry"],"_links":{"self":[{"href":"http:\/\/test.dieordination.at\/bg\/wp-json\/wp\/v2\/pages\/562","targetHints":{"allow":["GET"]}}],"collection":[{"href":"http:\/\/test.dieordination.at\/bg\/wp-json\/wp\/v2\/pages"}],"about":[{"href":"http:\/\/test.dieordination.at\/bg\/wp-json\/wp\/v2\/types\/page"}],"author":[{"embeddable":true,"href":"http:\/\/test.dieordination.at\/bg\/wp-json\/wp\/v2\/users\/1"}],"replies":[{"embeddable":true,"href":"http:\/\/test.dieordination.at\/bg\/wp-json\/wp\/v2\/comments?post=562"}],"version-history":[{"count":40,"href":"http:\/\/test.dieordination.at\/bg\/wp-json\/wp\/v2\/pages\/562\/revisions"}],"predecessor-version":[{"id":2464,"href":"http:\/\/test.dieordination.at\/bg\/wp-json\/wp\/v2\/pages\/562\/revisions\/2464"}],"wp:attachment":[{"href":"http:\/\/test.dieordination.at\/bg\/wp-json\/wp\/v2\/media?parent=562"}],"curies":[{"name":"wp","href":"https:\/\/api.w.org\/{rel}","templated":true}]}}