{"id":797,"date":"2025-07-31T09:37:53","date_gmt":"2025-07-31T09:37:53","guid":{"rendered":"https:\/\/ordi.yannvilaca.com\/?page_id=797"},"modified":"2025-12-01T16:44:41","modified_gmt":"2025-12-01T16:44:41","slug":"formulare","status":"publish","type":"page","link":"http:\/\/test.dieordination.at\/bg\/formulare\/","title":{"rendered":"\u0424\u041e\u0420\u041c\u0423\u041b\u042f\u0420\u0418"},"content":{"rendered":"<div data-elementor-type=\"wp-page\" data-elementor-id=\"797\" class=\"elementor elementor-797\" data-elementor-settings=\"{&quot;ha_cmc_init_switcher&quot;:&quot;no&quot;}\">\n\t\t\t\t<div class=\"elementor-element elementor-element-f0049d9 e-flex e-con-boxed wpr-particle-no wpr-jarallax-no wpr-parallax-no wpr-sticky-section-no e-con e-parent\" data-id=\"f0049d9\" data-element_type=\"container\" data-settings=\"{&quot;_ha_eqh_enable&quot;:false}\">\n\t\t\t\t\t<div class=\"e-con-inner\">\n\t\t<div class=\"elementor-element elementor-element-f6dd788 e-con-full e-flex wpr-particle-no wpr-jarallax-no wpr-parallax-no wpr-sticky-section-no e-con e-child\" data-id=\"f6dd788\" data-element_type=\"container\" data-settings=\"{&quot;_ha_eqh_enable&quot;:false}\">\n\t\t\t\t<div data-ha-element-link=\"{&quot;url&quot;:&quot;http:\\\/\\\/dieordination.at\\\/wp-content\\\/uploads\\\/2020\\\/03\\\/patientenbogen_drNadejdaAnastassova.pdf&quot;,&quot;is_external&quot;:&quot;on&quot;,&quot;nofollow&quot;:&quot;on&quot;}\" style=\"cursor: pointer\" class=\"elementor-element elementor-element-b0e9166 elementor-widget elementor-widget-image\" data-id=\"b0e9166\" data-element_type=\"widget\" data-widget_type=\"image.default\">\n\t\t\t\t\t\t\t\t\t\t\t\t\t\t\t<img fetchpriority=\"high\" decoding=\"async\" width=\"776\" height=\"1024\" src=\"http:\/\/test.dieordination.at\/wp-content\/uploads\/2025\/07\/patientenbogen-776x1024.png\" class=\"elementor-animation-grow attachment-large size-large wp-image-949\" alt=\"\" srcset=\"http:\/\/test.dieordination.at\/wp-content\/uploads\/2025\/07\/patientenbogen-776x1024.png 776w, http:\/\/test.dieordination.at\/wp-content\/uploads\/2025\/07\/patientenbogen-227x300.png 227w, http:\/\/test.dieordination.at\/wp-content\/uploads\/2025\/07\/patientenbogen-768x1013.png 768w, http:\/\/test.dieordination.at\/wp-content\/uploads\/2025\/07\/patientenbogen-1164x1536.png 1164w, http:\/\/test.dieordination.at\/wp-content\/uploads\/2025\/07\/patientenbogen-9x12.png 9w, http:\/\/test.dieordination.at\/wp-content\/uploads\/2025\/07\/patientenbogen.png 1213w\" sizes=\"(max-width: 776px) 100vw, 776px\" \/>\t\t\t\t\t\t\t\t\t\t\t\t\t\t\t<\/div>\n\t\t\t\t<\/div>\n\t\t<div class=\"elementor-element elementor-element-e909886 e-con-full e-flex wpr-particle-no wpr-jarallax-no wpr-parallax-no wpr-sticky-section-no e-con e-child\" data-id=\"e909886\" data-element_type=\"container\" data-settings=\"{&quot;_ha_eqh_enable&quot;:false}\">\n\t\t\t\t<div class=\"elementor-element elementor-element-977affa elementor-widget elementor-widget-heading\" data-id=\"977affa\" data-element_type=\"widget\" data-widget_type=\"heading.default\">\n\t\t\t\t\t<h2 class=\"elementor-heading-title elementor-size-default\">\u0410\u043d\u0430\u043c\u043d\u0435\u0437\u0435\u043d \u0432\u044a\u043f\u0440\u043e\u0441\u043d\u0438\u043a<\/h2>\t\t\t\t<\/div>\n\t\t\t\t<div class=\"elementor-element elementor-element-7884cf7 elementor-widget elementor-widget-text-editor\" data-id=\"7884cf7\" data-element_type=\"widget\" data-widget_type=\"text-editor.default\">\n\t\t\t\t\t\t\t\t\t<p>Wir bitten alle <span style=\"color: #3d638e;\"><strong>neuen Patienten und Patientinnen<\/strong><\/span>, den<br \/><strong><a class=\"cursor-init\" href=\"http:\/\/dieordination.at\/wp-content\/uploads\/2020\/03\/patientenbogen_drNadejdaAnastassova.pdf\" target=\"_blank\" rel=\"noopener\">\u0410\u043d\u0430\u043c\u043d\u0435\u0437\u0435\u043d \u0432\u044a\u043f\u0440\u043e\u0441\u043d\u0438\u043a<\/a>\u00a0<\/strong>vor ihrem ersten Besuch auszuf\u00fcllen und zu \u00fcbermitteln.<\/p>\t\t\t\t\t\t\t\t<\/div>\n\t\t<div class=\"elementor-element elementor-element-ed9cf1e e-con-full e-flex wpr-particle-no wpr-jarallax-no wpr-parallax-no wpr-sticky-section-no e-con e-child\" data-id=\"ed9cf1e\" data-element_type=\"container\" data-settings=\"{&quot;_ha_eqh_enable&quot;:false}\">\n\t\t\t\t<div class=\"elementor-element elementor-element-5f631cb elementor-widget elementor-widget-button\" data-id=\"5f631cb\" data-element_type=\"widget\" data-widget_type=\"button.default\">\n\t\t\t\t\t\t\t\t\t\t<a class=\"elementor-button elementor-button-link elementor-size-sm\" href=\"http:\/\/dieordination.at\/wp-content\/uploads\/2020\/03\/patientenbogen_drNadejdaAnastassova.pdf\" target=\"_blank\" rel=\"nofollow\">\n\t\t\t\t\t\t<span class=\"elementor-button-content-wrapper\">\n\t\t\t\t\t\t<span class=\"elementor-button-icon\">\n\t\t\t\t<i aria-hidden=\"true\" class=\"huge huge-pdf-02\"><\/i>\t\t\t<\/span>\n\t\t\t\t\t\t\t\t\t<span class=\"elementor-button-text\">\u0421\u0432\u0430\u043b\u044f\u043d\u0435<\/span>\n\t\t\t\t\t<\/span>\n\t\t\t\t\t<\/a>\n\t\t\t\t\t\t\t\t<\/div>\n\t\t\t\t<\/div>\n\t\t\t\t<\/div>\n\t\t\t\t\t<\/div>\n\t\t\t\t<\/div>\n\t\t<div class=\"elementor-element elementor-element-6b36e14 e-flex e-con-boxed wpr-particle-no wpr-jarallax-no wpr-parallax-no wpr-sticky-section-no e-con e-parent\" data-id=\"6b36e14\" data-element_type=\"container\" data-settings=\"{&quot;_ha_eqh_enable&quot;:false}\">\n\t\t\t\t\t<div class=\"e-con-inner\">\n\t\t\t\t<div class=\"elementor-element elementor-element-76e1d37 elementor-widget-divider--view-line elementor-widget elementor-widget-divider\" data-id=\"76e1d37\" data-element_type=\"widget\" data-widget_type=\"divider.default\">\n\t\t\t\t\t\t\t<div class=\"elementor-divider\">\n\t\t\t<span class=\"elementor-divider-separator\">\n\t\t\t\t\t\t<\/span>\n\t\t<\/div>\n\t\t\t\t\t\t<\/div>\n\t\t\t\t\t<\/div>\n\t\t\t\t<\/div>\n\t\t<div class=\"elementor-element elementor-element-f2f35f8 e-flex e-con-boxed wpr-particle-no wpr-jarallax-no wpr-parallax-no wpr-sticky-section-no e-con e-parent\" data-id=\"f2f35f8\" data-element_type=\"container\" data-settings=\"{&quot;_ha_eqh_enable&quot;:false}\">\n\t\t\t\t\t<div class=\"e-con-inner\">\n\t\t<div class=\"elementor-element elementor-element-fad9e1c e-con-full e-flex wpr-particle-no wpr-jarallax-no wpr-parallax-no wpr-sticky-section-no e-con e-child\" data-id=\"fad9e1c\" data-element_type=\"container\" data-settings=\"{&quot;_ha_eqh_enable&quot;:false}\">\n\t\t\t\t<div data-ha-element-link=\"{&quot;url&quot;:&quot;https:\\\/\\\/dieordination.at\\\/wp-content\\\/uploads\\\/2020\\\/04\\\/Datenschutzerklaerung_DrNadejdaAnastassova.pdf&quot;,&quot;is_external&quot;:&quot;on&quot;,&quot;nofollow&quot;:&quot;on&quot;}\" style=\"cursor: pointer\" class=\"elementor-element elementor-element-0947880 elementor-widget elementor-widget-image\" data-id=\"0947880\" data-element_type=\"widget\" data-widget_type=\"image.default\">\n\t\t\t\t\t\t\t\t\t\t\t\t\t\t\t<img decoding=\"async\" width=\"776\" height=\"1024\" src=\"http:\/\/test.dieordination.at\/wp-content\/uploads\/2025\/07\/einverstaendniserklaerung-776x1024.png\" class=\"elementor-animation-grow attachment-large size-large wp-image-950\" alt=\"\" srcset=\"http:\/\/test.dieordination.at\/wp-content\/uploads\/2025\/07\/einverstaendniserklaerung-776x1024.png 776w, http:\/\/test.dieordination.at\/wp-content\/uploads\/2025\/07\/einverstaendniserklaerung-227x300.png 227w, http:\/\/test.dieordination.at\/wp-content\/uploads\/2025\/07\/einverstaendniserklaerung-768x1013.png 768w, http:\/\/test.dieordination.at\/wp-content\/uploads\/2025\/07\/einverstaendniserklaerung-9x12.png 9w, http:\/\/test.dieordination.at\/wp-content\/uploads\/2025\/07\/einverstaendniserklaerung.png 1032w\" sizes=\"(max-width: 776px) 100vw, 776px\" \/>\t\t\t\t\t\t\t\t\t\t\t\t\t\t\t<\/div>\n\t\t\t\t<\/div>\n\t\t<div class=\"elementor-element elementor-element-74127f0 e-con-full e-flex wpr-particle-no wpr-jarallax-no wpr-parallax-no wpr-sticky-section-no e-con e-child\" data-id=\"74127f0\" data-element_type=\"container\" data-settings=\"{&quot;_ha_eqh_enable&quot;:false}\">\n\t\t\t\t<div class=\"elementor-element elementor-element-a7b975b elementor-widget elementor-widget-heading\" data-id=\"a7b975b\" data-element_type=\"widget\" data-widget_type=\"heading.default\">\n\t\t\t\t\t<h2 class=\"elementor-heading-title elementor-size-default\">\u0421\u044a\u0433\u043b\u0430\u0441\u0438\u0435 \u0437\u0430 \u0441\u0438\u0433\u0443\u0440\u043d\u0430 \u043a\u043e\u043c\u0443\u043d\u0438\u043a\u0430\u0446\u0438\u044f \u043f\u043e \u0435\u043b\u0435\u043a\u0442\u0440\u043e\u043d\u043d\u0430 \u043f\u043e\u0449\u0430<\/h2>\t\t\t\t<\/div>\n\t\t\t\t<div class=\"elementor-element elementor-element-7db9cf5 elementor-widget elementor-widget-text-editor\" data-id=\"7db9cf5\" data-element_type=\"widget\" data-widget_type=\"text-editor.default\">\n\t\t\t\t\t\t\t\t\t<p class=\"p1 translation-block\">\u0417\u0430 \u0441\u0438\u0433\u0443\u0440\u043d\u0430 \u043a\u043e\u043c\u0443\u043d\u0438\u043a\u0430\u0446\u0438\u044f \u043f\u043e \u0435\u043b\u0435\u043a\u0442\u0440\u043e\u043d\u043d\u0430 \u043f\u043e\u0449\u0430 \u0441\u0435 \u043d\u0443\u0436\u0434\u0430\u0435\u043c \u043e\u0442 \u0432\u0430\u0448\u0435\u0442\u043e <strong><a class=\"cursor-init\" href=\"https:\/\/dieordination.at\/wp-content\/uploads\/2020\/04\/Datenschutzerklaerung_DrNadejdaAnastassova.pdf\" target=\"_blank\" rel=\"noopener noreferrer\">\u0441\u044a\u0433\u043b\u0430\u0441\u0438\u0435<\/a><\/strong> \u043a\u0430\u043a\u0442\u043e \u0438 \u043e\u0442 <span style=\"color: #3d638e\"><strong>\u043f\u0430\u0440\u043e\u043b\u0430, <\/strong><\/span>\u043a\u043e\u044f\u0442\u043e \u0432\u0438\u0435 \u0441\u0430\u043c\u0438 \u0437\u0430\u0434\u0430\u0432\u0430\u0442\u0435. \u041f\u0430\u0440\u043e\u043b\u0430\u0442\u0430 \u0449\u0435 \u0431\u044a\u0434\u0435 \u0432\u044a\u0432\u0435\u0434\u0435\u043d\u0430 \u0435\u0434\u043d\u043e\u043a\u0440\u0430\u0442\u043d\u043e \u0432 \u043a\u0430\u0431\u0438\u043d\u0435\u0442\u0430 \u043f\u0440\u0438 \u043f\u0440\u0435\u0434\u0441\u0442\u0430\u0432\u044f\u043d\u0435 \u043d\u0430 \u043e\u0444\u0438\u0446\u0438\u0430\u043b\u0435\u043d \u0434\u043e\u043a\u0443\u043c\u0435\u043d\u0442 \u0437\u0430 \u0441\u0430\u043c\u043e\u043b\u0438\u0447\u043d\u043e\u0441\u0442 \u0438 \u043e\u0441\u0442\u0430\u0432\u0430 \u0432\u0430\u043b\u0438\u0434\u043d\u0430 \u043f\u043e\u0441\u0442\u043e\u044f\u043d\u043d\u043e \u2013 \u0437\u0430\u0442\u043e\u0432\u0430, \u043c\u043e\u043b\u044f, \u0437\u0430\u043f\u043e\u043c\u043d\u0435\u0442\u0435 \u044f \u0434\u043e\u0431\u0440\u0435! <span class=\"s1\">\ud83d\ude42<\/span><\/p>\t\t\t\t\t\t\t\t<\/div>\n\t\t<div class=\"elementor-element elementor-element-012b03b e-con-full e-flex wpr-particle-no wpr-jarallax-no wpr-parallax-no wpr-sticky-section-no e-con e-child\" data-id=\"012b03b\" data-element_type=\"container\" data-settings=\"{&quot;_ha_eqh_enable&quot;:false}\">\n\t\t\t\t<div class=\"elementor-element elementor-element-5371825 elementor-widget elementor-widget-button\" data-id=\"5371825\" data-element_type=\"widget\" data-widget_type=\"button.default\">\n\t\t\t\t\t\t\t\t\t\t<a class=\"elementor-button elementor-button-link elementor-size-sm\" href=\"https:\/\/dieordination.at\/wp-content\/uploads\/2020\/04\/Datenschutzerklaerung_DrNadejdaAnastassova.pdf\" target=\"_blank\" rel=\"nofollow\">\n\t\t\t\t\t\t<span class=\"elementor-button-content-wrapper\">\n\t\t\t\t\t\t<span class=\"elementor-button-icon\">\n\t\t\t\t<i aria-hidden=\"true\" class=\"huge huge-pdf-02\"><\/i>\t\t\t<\/span>\n\t\t\t\t\t\t\t\t\t<span class=\"elementor-button-text\">\u0421\u0432\u0430\u043b\u044f\u043d\u0435<\/span>\n\t\t\t\t\t<\/span>\n\t\t\t\t\t<\/a>\n\t\t\t\t\t\t\t\t<\/div>\n\t\t\t\t<\/div>\n\t\t\t\t<\/div>\n\t\t\t\t\t<\/div>\n\t\t\t\t<\/div>\n\t\t\t\t<\/div>","protected":false},"excerpt":{"rendered":"<p>Anamnesebogen Wir bitten alle neuen Patienten und Patientinnen, denAnamnesebogen\u00a0vor ihrem ersten Besuch auszuf\u00fcllen und zu \u00fcbermitteln. Download Einwilligung f\u00fcr sicheren E-Mail-Verkehr F\u00fcr die sichere Kommunikation per E-Mail ben\u00f6tigen wir Ihre\u00a0 Einwilligung sowie ein Passwort, das Sie selbst festlegen. Das Passwort wird einmalig in der Ordination unter Vorlage eines amtlichen Ausweises eingerichtet und bleibt dauerhaft g\u00fcltig \u2013 also bitte gut merken! \ud83d\ude42 Download<\/p>","protected":false},"author":1,"featured_media":0,"parent":0,"menu_order":0,"comment_status":"closed","ping_status":"closed","template":"","meta":{"footnotes":""},"class_list":["post-797","page","type-page","status-publish","hentry"],"_links":{"self":[{"href":"http:\/\/test.dieordination.at\/bg\/wp-json\/wp\/v2\/pages\/797","targetHints":{"allow":["GET"]}}],"collection":[{"href":"http:\/\/test.dieordination.at\/bg\/wp-json\/wp\/v2\/pages"}],"about":[{"href":"http:\/\/test.dieordination.at\/bg\/wp-json\/wp\/v2\/types\/page"}],"author":[{"embeddable":true,"href":"http:\/\/test.dieordination.at\/bg\/wp-json\/wp\/v2\/users\/1"}],"replies":[{"embeddable":true,"href":"http:\/\/test.dieordination.at\/bg\/wp-json\/wp\/v2\/comments?post=797"}],"version-history":[{"count":61,"href":"http:\/\/test.dieordination.at\/bg\/wp-json\/wp\/v2\/pages\/797\/revisions"}],"predecessor-version":[{"id":3019,"href":"http:\/\/test.dieordination.at\/bg\/wp-json\/wp\/v2\/pages\/797\/revisions\/3019"}],"wp:attachment":[{"href":"http:\/\/test.dieordination.at\/bg\/wp-json\/wp\/v2\/media?parent=797"}],"curies":[{"name":"wp","href":"https:\/\/api.w.org\/{rel}","templated":true}]}}