{"id":798,"date":"2025-07-31T09:37:46","date_gmt":"2025-07-31T09:37:46","guid":{"rendered":"https:\/\/ordi.yannvilaca.com\/?page_id=798"},"modified":"2026-03-30T16:04:58","modified_gmt":"2026-03-30T16:04:58","slug":"kontakt","status":"publish","type":"page","link":"http:\/\/test.dieordination.at\/bg\/kontakt\/","title":{"rendered":"\u041a\u043e\u043d\u0442\u0430\u043a\u0442"},"content":{"rendered":"<div data-elementor-type=\"wp-page\" data-elementor-id=\"798\" class=\"elementor elementor-798\" data-elementor-settings=\"{&quot;ha_cmc_init_switcher&quot;:&quot;no&quot;}\">\n\t\t\t\t<div class=\"elementor-element elementor-element-bf639bb e-flex e-con-boxed wpr-particle-no wpr-jarallax-no wpr-parallax-no wpr-sticky-section-no e-con e-parent\" data-id=\"bf639bb\" data-element_type=\"container\" data-settings=\"{&quot;_ha_eqh_enable&quot;:false}\">\n\t\t\t\t\t<div class=\"e-con-inner\">\n\t\t<div class=\"elementor-element elementor-element-9389855 e-con-full e-flex wpr-particle-no wpr-jarallax-no wpr-parallax-no wpr-sticky-section-no e-con e-child\" data-id=\"9389855\" data-element_type=\"container\" data-settings=\"{&quot;_ha_eqh_enable&quot;:false}\">\n\t\t\t\t<div class=\"elementor-element elementor-element-ad385d6 elementor-widget elementor-widget-text-editor\" data-id=\"ad385d6\" data-element_type=\"widget\" data-widget_type=\"text-editor.default\">\n\t\t\t\t\t\t\t\t\t<p class=\"translation-block\"><span style=\"color: #3d638e\"><strong>\u041a\u0430\u0431\u0438\u043d\u0435\u0442 \u0434-\u0440 \u041d. \u0410\u043d\u0430\u0441\u0442\u0430\u0441\u043e\u0432\u0430<\/strong><\/span><br>Christian-Bucher-Gasse 27\/2, 1210 Wien<strong><br><\/strong><br><span style=\"color: #3d638e\"><strong>U6<\/strong><\/span> Floridsdorf \u2013 \u0430\u0432\u0442\u043e\u0431\u0443\u0441\u043d\u0430 \u0441\u043f\u0438\u0440\u043a\u0430 34A \u201eJeneweingasse\u201c<br><span style=\"color: #3d638e\"><strong>26<\/strong><\/span> \u0442\u0440\u0430\u043c\u0432\u0430\u0439\u043d\u0430 \u0441\u043f\u0438\u0440\u043a\u0430 \u201eKoloniestrasse\u201c<\/p><p class=\"p1 translation-block\">\u041a\u0430\u0431\u0438\u043d\u0435\u0442\u044a\u0442 \u0441\u0435 \u043d\u0430\u043c\u0438\u0440\u0430 \u043d\u0430\u0434 \u0430\u043f\u0442\u0435\u043a\u0430\u0442\u0430 Jedlesee. \u041f\u043e \u0432\u0440\u0435\u043c\u0435 \u043d\u0430 \u043f\u043e\u0441\u0435\u0449\u0435\u043d\u0438\u0435 \u0432\n\u043a\u0430\u0431\u0438\u043d\u0435\u0442\u0430 \u0438\u043b\u0438 \u0430\u043f\u0442\u0435\u043a\u0430\u0442\u0430 \u043c\u043e\u0436\u0435\u0442\u0435 \u0434\u0430 \u043f\u043e\u043b\u0437\u0432\u0430\u0442\u0435 <span style=\"color: #3d638e\"><strong>\u0431\u0435\u0437\u043f\u043b\u0430\u0442\u043d\u0438\u044f \u043f\u0430\u0440\u043a\u0438\u043d\u0433<\/strong><\/span>\u00a0 \u043f\u0440\u0435\u0434\n\u0441\u0433\u0440\u0430\u0434\u0430\u0442\u0430.<\/p>\t\t\t\t\t\t\t\t<\/div>\n\t\t\t\t<\/div>\n\t\t<div class=\"elementor-element elementor-element-519c4d6 e-con-full e-flex wpr-particle-no wpr-jarallax-no wpr-parallax-no wpr-sticky-section-no e-con e-child\" data-id=\"519c4d6\" data-element_type=\"container\" data-settings=\"{&quot;_ha_eqh_enable&quot;:false}\">\n\t\t\t\t<div class=\"elementor-element elementor-element-7fd3a9b elementor-widget elementor-widget-google_maps\" data-id=\"7fd3a9b\" data-element_type=\"widget\" data-widget_type=\"google_maps.default\">\n\t\t\t\t\t\t\t<div class=\"elementor-custom-embed\">\n\t\t\t<iframe loading=\"lazy\"\n\t\t\t\t\tsrc=\"https:\/\/maps.google.com\/maps?q=die%20ordination&#038;t=m&#038;z=13&#038;output=embed&#038;iwloc=near\"\n\t\t\t\t\ttitle=\"die ordination\"\n\t\t\t\t\taria-label=\"die ordination\"\n\t\t\t><\/iframe>\n\t\t<\/div>\n\t\t\t\t\t\t<\/div>\n\t\t\t\t<\/div>\n\t\t\t\t\t<\/div>\n\t\t\t\t<\/div>\n\t\t<div class=\"elementor-element elementor-element-d3769e9 e-flex e-con-boxed wpr-particle-no wpr-jarallax-no wpr-parallax-no wpr-sticky-section-no e-con e-parent\" data-id=\"d3769e9\" data-element_type=\"container\" data-settings=\"{&quot;_ha_eqh_enable&quot;:false}\">\n\t\t\t\t\t<div class=\"e-con-inner\">\n\t\t\t\t<div class=\"elementor-element elementor-element-f082bf5 elementor-widget elementor-widget-heading\" data-id=\"f082bf5\" data-element_type=\"widget\" data-widget_type=\"heading.default\">\n\t\t\t\t\t<h2 class=\"elementor-heading-title elementor-size-default\">\u041a\u043e\u043d\u0442\u0430\u043a\u0442<\/h2>\t\t\t\t<\/div>\n\t\t\t\t<div class=\"elementor-element elementor-element-046bd5d elementor-widget-divider--view-line elementor-widget elementor-widget-divider\" data-id=\"046bd5d\" data-element_type=\"widget\" data-widget_type=\"divider.default\">\n\t\t\t\t\t\t\t<div class=\"elementor-divider\">\n\t\t\t<span class=\"elementor-divider-separator\">\n\t\t\t\t\t\t<\/span>\n\t\t<\/div>\n\t\t\t\t\t\t<\/div>\n\t\t\t\t\t<\/div>\n\t\t\t\t<\/div>\n\t\t<div class=\"elementor-element elementor-element-13feee5 e-flex e-con-boxed wpr-particle-no wpr-jarallax-no wpr-parallax-no wpr-sticky-section-no e-con e-parent\" data-id=\"13feee5\" data-element_type=\"container\" data-settings=\"{&quot;_ha_eqh_enable&quot;:false}\">\n\t\t\t\t\t<div class=\"e-con-inner\">\n\t\t\t\t<div class=\"elementor-element elementor-element-b9124ea fluentform-widget-submit-button-center fluentform-widget-submit-button-custom elementor-widget elementor-widget-fluent-form-widget\" data-id=\"b9124ea\" data-element_type=\"widget\" data-widget_type=\"fluent-form-widget.default\">\n\t\t\t\t<div class=\"elementor-widget-container\">\n\t\t\t\t\t\n            <div class=\"fluentform-widget-wrapper fluentform-widget-align-default\">\n\n            \n            <div class='fluentform ff-default fluentform_wrapper_4 ffs_default_wrap'><form data-form_id=\"4\" id=\"fluentform_4\" class=\"frm-fluent-form fluent_form_4 ff-el-form-top ff_form_instance_4_1 ff-form-loading ffs_default\" data-form_instance=\"ff_form_instance_4_1\" method=\"POST\" action=\"\" ><fieldset  style=\"border: none!important;margin: 0!important;padding: 0!important;background-color: transparent!important;box-shadow: none!important;outline: none!important; min-inline-size: 100%;\">\n                    <legend class=\"ff_screen_reader_title\" style=\"display: block; margin: 0!important;padding: 0!important;height: 0!important;text-indent: -999999px;width: 0!important;overflow:hidden;\">\u041a\u043e\u043d\u0442\u0430\u043a\u0442<\/legend><input type='hidden' name='__fluent_form_embded_post_id' value='798' \/><input type=\"hidden\" id=\"_fluentform_4_fluentformnonce\" name=\"_fluentform_4_fluentformnonce\" value=\"3a9513c179\" \/><input type=\"hidden\" name=\"_wp_http_referer\" value=\"\/bg\/wp-json\/wp\/v2\/pages\/798\" \/><div data-type=\"name-element\" data-name=\"names\" class=\"ff-field_container ff-name-field-wrapper\" ><div class='ff-t-container'><div class='ff-t-cell'><div class='ff-el-group ff-el-form-top'><div class=\"ff-el-input--label ff-el-is-required asterisk-right\"><label for='ff_4_names_first_name_' id='label_ff_4_names_first_name_' >\u0418\u043c\u0435<\/label><\/div><div class='ff-el-input--content'><input type=\"text\" name=\"names[first_name]\" id=\"ff_4_names_first_name_\" class=\"ff-el-form-control\" aria-invalid=\"false\" aria-required=\"true\"><\/div><\/div><\/div><div class='ff-t-cell'><div class='ff-el-group ff-el-form-top'><div class=\"ff-el-input--label ff-el-is-required asterisk-right\"><label for='ff_4_names_last_name_' id='label_ff_4_names_last_name_' >\u0424\u0430\u043c\u0438\u043b\u0438\u044f<\/label><\/div><div class='ff-el-input--content'><input type=\"text\" name=\"names[last_name]\" id=\"ff_4_names_last_name_\" class=\"ff-el-form-control\" aria-invalid=\"false\" aria-required=\"true\"><\/div><\/div><\/div><\/div><\/div><div class='ff-el-group'><div class=\"ff-el-input--label ff-el-is-required asterisk-right\"><label for='ff_4_email' id='label_ff_4_email' aria-label=\"E-Mail\">E-Mail<\/label><\/div><div class='ff-el-input--content'><input type=\"email\" name=\"email\" id=\"ff_4_email\" class=\"ff-el-form-control\" data-name=\"email\"  aria-invalid=\"false\" aria-required=\"true\"><\/div><\/div><div class='ff-el-group'><div class=\"ff-el-input--label asterisk-right\"><label for='ff_4_input_text' id='label_ff_4_input_text' aria-label=\"\u0422\u0435\u043c\u0430\">\u0422\u0435\u043c\u0430<\/label><\/div><div class='ff-el-input--content'><input type=\"text\" name=\"input_text\" class=\"ff-el-form-control\" data-name=\"input_text\" id=\"ff_4_input_text\"  aria-invalid=\"false\" aria-required=\"false\"><\/div><\/div><div class='ff-el-group'><div class=\"ff-el-input--label ff-el-is-required asterisk-right\"><label for='ff_4_description' id='label_ff_4_description' aria-label=\"\u0421\u044a\u043e\u0431\u0449\u0435\u043d\u0438\u0435\">\u0421\u044a\u043e\u0431\u0449\u0435\u043d\u0438\u0435<\/label><\/div><div class='ff-el-input--content'><textarea aria-required=\"true\" aria-labelledby=\"label_ff_4_description\" name=\"description\" id=\"ff_4_description\" class=\"ff-el-form-control\" rows=\"3\" cols=\"2\" data-name=\"description\" ><\/textarea><\/div><\/div><div class='ff-el-group    ff-el-input--content'><div class='ff-el-form-check ff-el-tc'><label aria-label='\u0414\u0430\u0432\u0430\u043c \u0438\u0437\u0440\u0438\u0447\u043d\u043e\u0442\u043e \u0441\u0438 \u0441\u044a\u0433\u043b\u0430\u0441\u0438\u0435 \u043a\u0430\u0431\u0438\u043d\u0435\u0442\u044a\u0442 \u043d\u0430 \u0434-\u0440 \u0410\u043d\u0430\u0441\u0442\u0430\u0441\u043e\u0432\u0430 \u0434\u0430 \u043e\u0431\u0440\u0430\u0431\u043e\u0442\u0432\u0430 \u043c\u043e\u0438\u0442\u0435 \u043b\u0438\u0447\u043d\u0438 \u0434\u0430\u043d\u043d\u0438 \u0441 \u0446\u0435\u043b \u043a\u043e\u043c\u0443\u043d\u0438\u043a\u0430\u0446\u0438\u044f.' class='ff-el-form-check-label ff_tc_label' for=\"gdpr-agreement_147135d408a98616bc32ebc9f48afc28\"><span class='ff_tc_checkbox'><input type=\"checkbox\" name=\"gdpr-agreement\" class=\"ff-el-form-check-input ff_gdpr_field\" data-name=\"gdpr-agreement\" id=\"gdpr-agreement_147135d408a98616bc32ebc9f48afc28\"  value='on' aria-invalid='false' aria-required=\"true\"><\/span> <div class='ff_t_c'>\u0414\u0430\u0432\u0430\u043c \u0438\u0437\u0440\u0438\u0447\u043d\u043e\u0442\u043e \u0441\u0438 \u0441\u044a\u0433\u043b\u0430\u0441\u0438\u0435 \u043a\u0430\u0431\u0438\u043d\u0435\u0442\u044a\u0442 \u043d\u0430 \u0434-\u0440 \u0410\u043d\u0430\u0441\u0442\u0430\u0441\u043e\u0432\u0430 \u0434\u0430 \u043e\u0431\u0440\u0430\u0431\u043e\u0442\u0432\u0430 \u043c\u043e\u0438\u0442\u0435 \u043b\u0438\u0447\u043d\u0438 \u0434\u0430\u043d\u043d\u0438 \u0441 \u0446\u0435\u043b \u043a\u043e\u043c\u0443\u043d\u0438\u043a\u0430\u0446\u0438\u044f.<\/div><\/label><\/div><\/div><div class='ff-el-group ff-text-left ff_submit_btn_wrapper'><button type=\"submit\" class=\"ff-btn ff-btn-submit ff-btn-md ff_btn_style\"  aria-label=\"\u0418\u0437\u043f\u0440\u0430\u0442\u0438\">\u0418\u0437\u043f\u0440\u0430\u0442\u0438<\/button><\/div><\/fieldset><input type=\"hidden\" name=\"trp-form-language\" value=\"bg\"\/><\/form><div id='fluentform_4_errors' class='ff-errors-in-stack ff_form_instance_4_1 ff-form-loading_errors ff_form_instance_4_1_errors'><\/div><\/div>            <script type=\"text\/javascript\">\n                window.fluent_form_ff_form_instance_4_1 = {\"id\":\"4\",\"settings\":{\"layout\":{\"labelPlacement\":\"top\",\"asteriskPlacement\":\"asterisk-right\",\"helpMessagePlacement\":\"with_label\",\"errorMessagePlacement\":\"inline\",\"cssClassName\":\"\"},\"restrictions\":{\"denyEmptySubmission\":{\"enabled\":false}}},\"form_instance\":\"ff_form_instance_4_1\",\"form_id_selector\":\"fluentform_4\",\"rules\":{\"names[first_name]\":{\"required\":{\"value\":true,\"message\":\"This field is required\",\"global_message\":\"Dieses Feld ist erforderlich\",\"global\":true}},\"names[middle_name]\":{\"required\":{\"value\":false,\"message\":\"This field is required\",\"global_message\":\"Dieses Feld ist erforderlich\",\"global\":true}},\"names[last_name]\":{\"required\":{\"value\":true,\"message\":\"This field is required\",\"global_message\":\"Dieses Feld ist erforderlich\",\"global\":true}},\"email\":{\"required\":{\"value\":true,\"message\":\"This field is required\",\"global_message\":\"Dieses Feld ist erforderlich\",\"global\":true},\"email\":{\"value\":true,\"message\":\"This field must contain a valid email\",\"global_message\":\"Dieses Feld muss eine g\\u00fcltige E-Mail-Adresse enthalten\",\"global\":true}},\"input_text\":{\"required\":{\"value\":false,\"message\":\"This field is required\",\"global_message\":\"Dieses Feld ist erforderlich\",\"global\":true}},\"description\":{\"required\":{\"value\":true,\"message\":\"This field is required\",\"global_message\":\"Dieses Feld ist erforderlich\",\"global\":true}},\"gdpr-agreement\":{\"required\":{\"value\":true,\"message\":\"This field is required\",\"global_message\":\"Dieses Feld ist erforderlich\",\"global\":true}}},\"debounce_time\":300};\n                            <\/script>\n                        <\/div>\n\n            \t\t\t\t<\/div>\n\t\t\t\t<\/div>\n\t\t\t\t\t<\/div>\n\t\t\t\t<\/div>\n\t\t\t\t<\/div>","protected":false},"excerpt":{"rendered":"<p>Ordination Dr. N. AnastassovaChristian-Bucher-Gasse 27\/2, 1210 WienU6 Floridsdorf \u2013 34A Bus Haltestelle \u201eJeneweingasse\u201c26 Strassenbahnhaltestelle \u201eKoloniestrasse\u201c Die Ordination befindet sich \u00fcber der Apotheke Jedlesee. W\u00e4hrend Ihres Ordinations- oder Apothekenbesuchs k\u00f6nnen Sie den kostenlosen Parkplatz\u00a0direkt davor nutzen. Kontakt Kontakt VornameNachnameE-MailBetreffNachricht Ich erteile meine ausdr\u00fcckliche Einwilligung, dass die Ordination Dr. Anastassova zum Zweck der Kommunikation meine personenbezogenen Daten verarbeiten darf.Senden<\/p>","protected":false},"author":1,"featured_media":0,"parent":0,"menu_order":0,"comment_status":"closed","ping_status":"closed","template":"","meta":{"footnotes":""},"class_list":["post-798","page","type-page","status-publish","hentry"],"_links":{"self":[{"href":"http:\/\/test.dieordination.at\/bg\/wp-json\/wp\/v2\/pages\/798","targetHints":{"allow":["GET"]}}],"collection":[{"href":"http:\/\/test.dieordination.at\/bg\/wp-json\/wp\/v2\/pages"}],"about":[{"href":"http:\/\/test.dieordination.at\/bg\/wp-json\/wp\/v2\/types\/page"}],"author":[{"embeddable":true,"href":"http:\/\/test.dieordination.at\/bg\/wp-json\/wp\/v2\/users\/1"}],"replies":[{"embeddable":true,"href":"http:\/\/test.dieordination.at\/bg\/wp-json\/wp\/v2\/comments?post=798"}],"version-history":[{"count":46,"href":"http:\/\/test.dieordination.at\/bg\/wp-json\/wp\/v2\/pages\/798\/revisions"}],"predecessor-version":[{"id":3240,"href":"http:\/\/test.dieordination.at\/bg\/wp-json\/wp\/v2\/pages\/798\/revisions\/3240"}],"wp:attachment":[{"href":"http:\/\/test.dieordination.at\/bg\/wp-json\/wp\/v2\/media?parent=798"}],"curies":[{"name":"wp","href":"https:\/\/api.w.org\/{rel}","templated":true}]}}